{"id":5786,"date":"2024-08-01T05:59:02","date_gmt":"2024-08-01T05:59:02","guid":{"rendered":"http:\/\/dolcezza.ca\/salons-professionnels-a-venir\/"},"modified":"2025-08-25T13:31:38","modified_gmt":"2025-08-25T13:31:38","slug":"salons-professionnels-a-venir","status":"publish","type":"page","link":"https:\/\/dolcezza.ca\/fr\/salons-professionnels-a-venir\/","title":{"rendered":"Salons Professionnels \u00e0 Venir"},"content":{"rendered":"\t\t<div data-elementor-type=\"wp-page\" data-elementor-id=\"5786\" class=\"elementor elementor-5786 elementor-5698\" data-elementor-post-type=\"page\">\n\t\t\t\t\t\t<section class=\"elementor-section elementor-top-section elementor-element elementor-element-16698b9 elementor-section-height-full elementor-section-stretched elementor-section-boxed elementor-section-height-default elementor-section-items-middle\" data-id=\"16698b9\" data-element_type=\"section\" data-settings=\"{&quot;stretch_section&quot;:&quot;section-stretched&quot;,&quot;background_background&quot;:&quot;classic&quot;}\">\n\t\t\t\t\t\t<div class=\"elementor-container elementor-column-gap-wider\">\n\t\t\t\t\t<div class=\"elementor-column elementor-col-100 elementor-top-column elementor-element elementor-element-f0f5095\" data-id=\"f0f5095\" data-element_type=\"column\">\n\t\t\t<div class=\"elementor-widget-wrap elementor-element-populated\">\n\t\t\t\t\t\t<section class=\"elementor-section elementor-inner-section elementor-element elementor-element-04e9919 elementor-section-boxed elementor-section-height-default elementor-section-height-default\" data-id=\"04e9919\" data-element_type=\"section\">\n\t\t\t\t\t\t<div class=\"elementor-container elementor-column-gap-default\">\n\t\t\t\t\t<div class=\"elementor-column elementor-col-50 elementor-inner-column elementor-element elementor-element-170a9ba\" data-id=\"170a9ba\" data-element_type=\"column\">\n\t\t\t<div class=\"elementor-widget-wrap elementor-element-populated\">\n\t\t\t\t\t\t<div class=\"elementor-element elementor-element-2e8d6f5 elementor-widget elementor-widget-heading\" data-id=\"2e8d6f5\" data-element_type=\"widget\" data-widget_type=\"heading.default\">\n\t\t\t\t<div class=\"elementor-widget-container\">\n\t\t\t\t\t<h1 class=\"elementor-heading-title elementor-size-default\">SALONS<div>PROFESSIONNELS<\/div><div>\u00c0 VENIR<\/div><\/h1>\t\t\t\t<\/div>\n\t\t\t\t<\/div>\n\t\t\t\t\t<\/div>\n\t\t<\/div>\n\t\t\t\t<div class=\"elementor-column elementor-col-50 elementor-inner-column elementor-element elementor-element-e96bfbf\" data-id=\"e96bfbf\" data-element_type=\"column\">\n\t\t\t<div class=\"elementor-widget-wrap\">\n\t\t\t\t\t\t\t<\/div>\n\t\t<\/div>\n\t\t\t\t\t<\/div>\n\t\t<\/section>\n\t\t\t\t\t<\/div>\n\t\t<\/div>\n\t\t\t\t\t<\/div>\n\t\t<\/section>\n\t\t<div class=\"elementor-element elementor-element-37704dd e-flex e-con-boxed e-con e-parent\" data-id=\"37704dd\" data-element_type=\"container\">\n\t\t\t\t\t<div class=\"e-con-inner\">\n\t\t\t\t<div class=\"elementor-element elementor-element-b5034c0 elementor-widget elementor-widget-heading\" data-id=\"b5034c0\" data-element_type=\"widget\" data-widget_type=\"heading.default\">\n\t\t\t\t<div class=\"elementor-widget-container\">\n\t\t\t\t\t<h2 class=\"elementor-heading-title elementor-size-default\">D\u00e9fil\u00e9s de mode \u00e0 venir<\/h2>\t\t\t\t<\/div>\n\t\t\t\t<\/div>\n\t\t\t\t<div class=\"elementor-element elementor-element-9cabc4b elementor-widget elementor-widget-toolset-view\" data-id=\"9cabc4b\" data-element_type=\"widget\" data-widget_type=\"toolset-view.default\">\n\t\t\t\t<div class=\"elementor-widget-container\">\n\t\t\t\t\t\n\n\n<div id=\"wpv-view-layout-5725\" class=\"js-wpv-view-layout js-wpv-layout-responsive js-wpv-view-layout-5725\" data-viewnumber=\"5725\" data-pagination=\"{&quot;id&quot;:5725,&quot;query&quot;:&quot;normal&quot;,&quot;type&quot;:&quot;disabled&quot;,&quot;effect&quot;:&quot;fade&quot;,&quot;duration&quot;:500,&quot;speed&quot;:5,&quot;pause_on_hover&quot;:&quot;enabled&quot;,&quot;stop_rollover&quot;:&quot;false&quot;,&quot;cache_pages&quot;:&quot;enabled&quot;,&quot;preload_images&quot;:&quot;enabled&quot;,&quot;preload_pages&quot;:&quot;enabled&quot;,&quot;preload_reach&quot;:1,&quot;spinner&quot;:&quot;builtin&quot;,&quot;spinner_image&quot;:&quot;https:\/\/dolcezza.ca\/wp-content\/plugins\/wp-views\/embedded\/res\/img\/ajax-loader.gif&quot;,&quot;callback_next&quot;:&quot;&quot;,&quot;manage_history&quot;:&quot;disabled&quot;,&quot;has_controls_in_form&quot;:&quot;disabled&quot;,&quot;infinite_tolerance&quot;:&quot;0&quot;,&quot;max_pages&quot;:0,&quot;page&quot;:1,&quot;base_permalink&quot;:&quot;\/fr\/wp-json\/wp\/v2\/pages\/5786?wpv_view_count=5725&amp;wpv_paged=WPV_PAGE_NUM&quot;,&quot;loop&quot;:{&quot;type&quot;:&quot;&quot;,&quot;name&quot;:&quot;&quot;,&quot;data&quot;:[],&quot;id&quot;:0}}\" data-permalink=\"\/fr\/wp-json\/wp\/v2\/pages\/5786?wpv_view_count=5725\">\n\n    \n    \n\t\n\t\t\n\t\t<div class=\"row \">\n\t\t\t<div class=\"col-md-3\"><div class=\"fashion-box\">\n<div class=\"fimage\"><img decoding=\"async\" width=\"300\" height=\"110\" src=\"https:\/\/dolcezza.ca\/wp-content\/uploads\/2025\/01\/fashionware-logo.jpg\" class=\"attachment-thumbnail size-thumbnail wp-post-image\" alt=\"\" srcset=\"https:\/\/dolcezza.ca\/wp-content\/uploads\/2025\/01\/fashionware-logo.jpg 300w, https:\/\/dolcezza.ca\/wp-content\/uploads\/2025\/01\/fashionware-logo-150x55.jpg 150w\" sizes=\"(max-width:767px) 300px, 300px\" \/><\/div>\n<div class=\"location\">EXPO-LODZ, POLAND<\/div>\n<div class=\"booth\">Stand#<\/div>\n<div class=\"dates\">Ao\u00fbt 20&#8211;Ao\u00fbt 21, 2025<\/div>\n<div class=\"contact\">sales@dolcezzaeurope.ie<\/div>\n<\/div><\/div>\n\t\t\n\t\t\n\t\t\t<div class=\"col-md-3\"><div class=\"fashion-box\">\n<div class=\"fimage\"><img decoding=\"async\" width=\"300\" height=\"110\" src=\"https:\/\/dolcezza.ca\/wp-content\/uploads\/2024\/08\/wsn_logo-300x110.jpg\" class=\"attachment-thumbnail size-thumbnail wp-post-image\" alt=\"\" srcset=\"https:\/\/dolcezza.ca\/wp-content\/uploads\/2024\/08\/wsn_logo-300x110.jpg 300w, https:\/\/dolcezza.ca\/wp-content\/uploads\/2024\/08\/wsn_logo-500x183.jpg 500w, https:\/\/dolcezza.ca\/wp-content\/uploads\/2024\/08\/wsn_logo-1200x438.jpg 1200w, https:\/\/dolcezza.ca\/wp-content\/uploads\/2024\/08\/wsn_logo-768x280.jpg 768w, https:\/\/dolcezza.ca\/wp-content\/uploads\/2024\/08\/wsn_logo-1536x561.jpg 1536w, https:\/\/dolcezza.ca\/wp-content\/uploads\/2024\/08\/wsn_logo-150x55.jpg 150w, https:\/\/dolcezza.ca\/wp-content\/uploads\/2024\/08\/wsn_logo-480x175.jpg 480w, https:\/\/dolcezza.ca\/wp-content\/uploads\/2024\/08\/wsn_logo.jpg 2000w\" sizes=\"(max-width:767px) 300px, 300px\" \/><\/div>\n<div class=\"location\">Paris, France<\/div>\n<div class=\"booth\">Hall: 1 Y10<\/div>\n<div class=\"dates\">Sep 06&#8211;Sep 08, 2025<\/div>\n<div class=\"contact\">sales@dolcezzaeurope.ie<\/div>\n<\/div><\/div>\n\t\t\n\t\t\n\t\t\t<div class=\"col-md-3\"><div class=\"fashion-box\">\n<div class=\"fimage\"><img decoding=\"async\" width=\"300\" height=\"110\" src=\"https:\/\/dolcezza.ca\/wp-content\/uploads\/2024\/08\/momad_logo-300x110.jpg\" class=\"attachment-thumbnail size-thumbnail wp-post-image\" alt=\"\" srcset=\"https:\/\/dolcezza.ca\/wp-content\/uploads\/2024\/08\/momad_logo-300x110.jpg 300w, https:\/\/dolcezza.ca\/wp-content\/uploads\/2024\/08\/momad_logo-500x183.jpg 500w, https:\/\/dolcezza.ca\/wp-content\/uploads\/2024\/08\/momad_logo-1200x438.jpg 1200w, https:\/\/dolcezza.ca\/wp-content\/uploads\/2024\/08\/momad_logo-768x280.jpg 768w, https:\/\/dolcezza.ca\/wp-content\/uploads\/2024\/08\/momad_logo-1536x561.jpg 1536w, https:\/\/dolcezza.ca\/wp-content\/uploads\/2024\/08\/momad_logo-150x55.jpg 150w, https:\/\/dolcezza.ca\/wp-content\/uploads\/2024\/08\/momad_logo-480x175.jpg 480w, https:\/\/dolcezza.ca\/wp-content\/uploads\/2024\/08\/momad_logo.jpg 2000w\" sizes=\"(max-width:767px) 300px, 300px\" \/><\/div>\n<div class=\"location\">Madrid, Spain<\/div>\n<div class=\"booth\">Stand# : 10F04<\/div>\n<div class=\"dates\">Sep 11&#8211;Sep 13, 2025<\/div>\n<div class=\"contact\">info@dolcezza.ca<\/div>\n<\/div><\/div>\n\t\t\n\t\t\n\t\t\t<div class=\"col-md-3\"><div class=\"fashion-box\">\n<div class=\"fimage\"><img loading=\"lazy\" loading=\"lazy\" loading=\"lazy\" decoding=\"async\" width=\"300\" height=\"110\" src=\"https:\/\/dolcezza.ca\/wp-content\/uploads\/2025\/01\/pga-logo.jpg\" class=\"attachment-thumbnail size-thumbnail wp-post-image\" alt=\"\" srcset=\"https:\/\/dolcezza.ca\/wp-content\/uploads\/2025\/01\/pga-logo.jpg 300w, https:\/\/dolcezza.ca\/wp-content\/uploads\/2025\/01\/pga-logo-150x55.jpg 150w\" sizes=\"auto, (max-width:767px) 300px, 300px\" \/><\/div>\n<div class=\"location\">Orlando, FL<\/div>\n<div class=\"booth\">Stand# 5743<\/div>\n<div class=\"dates\">Jan 20&#8211;Jan 23, 2026<\/div>\n<div class=\"contact\">info@dolcezza.ca<\/div>\n<\/div><\/div>\n\t\t<\/div>\n\t\t\n\t\t\n\t\t<div class=\"row \">\n\t\t\t<div class=\"col-md-3\"><div class=\"fashion-box\">\n<div class=\"fimage\"><img loading=\"lazy\" loading=\"lazy\" loading=\"lazy\" decoding=\"async\" width=\"300\" height=\"110\" src=\"https:\/\/dolcezza.ca\/wp-content\/uploads\/2024\/08\/harrogate_logo-300x110.jpg\" class=\"attachment-thumbnail size-thumbnail wp-post-image\" alt=\"\" srcset=\"https:\/\/dolcezza.ca\/wp-content\/uploads\/2024\/08\/harrogate_logo-300x110.jpg 300w, https:\/\/dolcezza.ca\/wp-content\/uploads\/2024\/08\/harrogate_logo-500x183.jpg 500w, https:\/\/dolcezza.ca\/wp-content\/uploads\/2024\/08\/harrogate_logo-1200x438.jpg 1200w, https:\/\/dolcezza.ca\/wp-content\/uploads\/2024\/08\/harrogate_logo-768x280.jpg 768w, https:\/\/dolcezza.ca\/wp-content\/uploads\/2024\/08\/harrogate_logo-1536x561.jpg 1536w, https:\/\/dolcezza.ca\/wp-content\/uploads\/2024\/08\/harrogate_logo-150x55.jpg 150w, https:\/\/dolcezza.ca\/wp-content\/uploads\/2024\/08\/harrogate_logo-480x175.jpg 480w, https:\/\/dolcezza.ca\/wp-content\/uploads\/2024\/08\/harrogate_logo.jpg 2000w\" sizes=\"auto, (max-width:767px) 300px, 300px\" \/><\/div>\n<div class=\"location\">North Yorkshire, UK<\/div>\n<div class=\"booth\">Booth#<\/div>\n<div class=\"dates\">F\u00e9v 01&#8211;F\u00e9v 03, 2026<\/div>\n<div class=\"contact\">info@dolcezza.ca<\/div>\n<\/div><\/div>\n\t\t\n\t\t\n\t\t\t<div class=\"col-md-3\"><div class=\"fashion-box\">\n<div class=\"fimage\"><img loading=\"lazy\" loading=\"lazy\" loading=\"lazy\" decoding=\"async\" width=\"300\" height=\"110\" src=\"https:\/\/dolcezza.ca\/wp-content\/uploads\/2024\/08\/wwin_logo-300x110.jpg\" class=\"attachment-thumbnail size-thumbnail wp-post-image\" alt=\"\" srcset=\"https:\/\/dolcezza.ca\/wp-content\/uploads\/2024\/08\/wwin_logo-300x110.jpg 300w, https:\/\/dolcezza.ca\/wp-content\/uploads\/2024\/08\/wwin_logo-500x183.jpg 500w, https:\/\/dolcezza.ca\/wp-content\/uploads\/2024\/08\/wwin_logo-1200x438.jpg 1200w, https:\/\/dolcezza.ca\/wp-content\/uploads\/2024\/08\/wwin_logo-768x280.jpg 768w, https:\/\/dolcezza.ca\/wp-content\/uploads\/2024\/08\/wwin_logo-1536x561.jpg 1536w, https:\/\/dolcezza.ca\/wp-content\/uploads\/2024\/08\/wwin_logo-150x55.jpg 150w, https:\/\/dolcezza.ca\/wp-content\/uploads\/2024\/08\/wwin_logo-480x175.jpg 480w, https:\/\/dolcezza.ca\/wp-content\/uploads\/2024\/08\/wwin_logo.jpg 2000w\" sizes=\"auto, (max-width:767px) 300px, 300px\" \/><\/div>\n<div class=\"location\">LasVegas, USA<\/div>\n<div class=\"booth\">Booth#<\/div>\n<div class=\"dates\">F\u00e9v 16&#8211;F\u00e9v 19, 2026<\/div>\n<div class=\"contact\">sales@dolcezza.ca<\/div>\n<\/div><\/div>\n\t\t\n\t\t\t<div class=\"col-md-3\"><\/div>\n\t\t\n\t\t\t<div class=\"col-md-3\"><\/div>\n\t\t<\/div>\n\t\n\t\n    \n<\/div>\t\t\t\t<\/div>\n\t\t\t\t<\/div>\n\t\t\t\t\t<\/div>\n\t\t\t\t<\/div>\n\t\t\t\t<\/div>\n\t\t","protected":false},"excerpt":{"rendered":"<p>SALONSPROFESSIONNELS\u00c0 VENIR D\u00e9fil\u00e9s de mode \u00e0 venir EXPO-LODZ, POLAND Stand# Aug 20&#8211;Aug 21, 2025 sales@dolcezzaeurope.ie Paris, France Hall: 1 Y10 Sep 06&#8211;Sep 08, 2025 sales@dolcezzaeurope.ie Madrid,<span class=\"excerpt-hellip\"> [\u2026]<\/span><\/p>\n","protected":false},"author":1,"featured_media":0,"parent":0,"menu_order":0,"comment_status":"closed","ping_status":"closed","template":"","meta":{"_acf_changed":false,"_eb_attr":"","footnotes":""},"class_list":["post-5786","page","type-page","status-publish","hentry"],"acf":[],"yoast_head":"<!-- This site is optimized with the Yoast SEO plugin v24.6 - https:\/\/yoast.com\/wordpress\/plugins\/seo\/ -->\n<title>Salons Professionnels \u00e0 Venir - Dolcezza Inc<\/title>\n<meta name=\"robots\" content=\"index, follow, max-snippet:-1, max-image-preview:large, max-video-preview:-1\" \/>\n<link rel=\"canonical\" href=\"https:\/\/dolcezza.ca\/fr\/salons-professionnels-a-venir\/\" \/>\n<meta property=\"og:locale\" content=\"fr_FR\" \/>\n<meta property=\"og:type\" content=\"article\" \/>\n<meta property=\"og:title\" content=\"Salons Professionnels \u00e0 Venir - Dolcezza Inc\" \/>\n<meta property=\"og:description\" content=\"SALONSPROFESSIONNELS\u00c0 VENIR D\u00e9fil\u00e9s de mode \u00e0 venir EXPO-LODZ, POLAND Stand# Aug 20&#8211;Aug 21, 2025 sales@dolcezzaeurope.ie Paris, France Hall: 1 Y10 Sep 06&#8211;Sep 08, 2025 sales@dolcezzaeurope.ie Madrid, [\u2026]\" \/>\n<meta property=\"og:url\" content=\"https:\/\/dolcezza.ca\/fr\/salons-professionnels-a-venir\/\" \/>\n<meta property=\"og:site_name\" content=\"Dolcezza Inc\" \/>\n<meta property=\"article:publisher\" content=\"https:\/\/www.facebook.com\/DOLCEZZAMONTREAL\" \/>\n<meta property=\"article:modified_time\" content=\"2025-08-25T13:31:38+00:00\" \/>\n<meta property=\"og:image\" content=\"https:\/\/dolcezza.ca\/wp-content\/uploads\/2025\/01\/fashionware-logo.jpg\" \/>\n<meta name=\"twitter:card\" content=\"summary_large_image\" \/>\n<meta name=\"twitter:label1\" content=\"Dur\u00e9e de lecture estim\u00e9e\" \/>\n\t<meta name=\"twitter:data1\" content=\"2 minutes\" \/>\n<script type=\"application\/ld+json\" class=\"yoast-schema-graph\">{\"@context\":\"https:\/\/schema.org\",\"@graph\":[{\"@type\":\"WebPage\",\"@id\":\"https:\/\/dolcezza.ca\/fr\/salons-professionnels-a-venir\/\",\"url\":\"https:\/\/dolcezza.ca\/fr\/salons-professionnels-a-venir\/\",\"name\":\"Salons Professionnels \u00e0 Venir - Dolcezza Inc\",\"isPartOf\":{\"@id\":\"https:\/\/dolcezza.ca\/#website\"},\"primaryImageOfPage\":{\"@id\":\"https:\/\/dolcezza.ca\/fr\/salons-professionnels-a-venir\/#primaryimage\"},\"image\":{\"@id\":\"https:\/\/dolcezza.ca\/fr\/salons-professionnels-a-venir\/#primaryimage\"},\"thumbnailUrl\":\"https:\/\/dolcezza.ca\/wp-content\/uploads\/2025\/01\/fashionware-logo.jpg\",\"datePublished\":\"2024-08-01T05:59:02+00:00\",\"dateModified\":\"2025-08-25T13:31:38+00:00\",\"breadcrumb\":{\"@id\":\"https:\/\/dolcezza.ca\/fr\/salons-professionnels-a-venir\/#breadcrumb\"},\"inLanguage\":\"fr-FR\",\"potentialAction\":[{\"@type\":\"ReadAction\",\"target\":[\"https:\/\/dolcezza.ca\/fr\/salons-professionnels-a-venir\/\"]}]},{\"@type\":\"ImageObject\",\"inLanguage\":\"fr-FR\",\"@id\":\"https:\/\/dolcezza.ca\/fr\/salons-professionnels-a-venir\/#primaryimage\",\"url\":\"https:\/\/dolcezza.ca\/wp-content\/uploads\/2025\/01\/fashionware-logo.jpg\",\"contentUrl\":\"https:\/\/dolcezza.ca\/wp-content\/uploads\/2025\/01\/fashionware-logo.jpg\"},{\"@type\":\"BreadcrumbList\",\"@id\":\"https:\/\/dolcezza.ca\/fr\/salons-professionnels-a-venir\/#breadcrumb\",\"itemListElement\":[{\"@type\":\"ListItem\",\"position\":1,\"name\":\"Home\",\"item\":\"https:\/\/dolcezza.ca\/\"},{\"@type\":\"ListItem\",\"position\":2,\"name\":\"Salons Professionnels \u00e0 Venir\"}]},{\"@type\":\"WebSite\",\"@id\":\"https:\/\/dolcezza.ca\/#website\",\"url\":\"https:\/\/dolcezza.ca\/\",\"name\":\"Dolcezza Inc\",\"description\":\"\",\"publisher\":{\"@id\":\"https:\/\/dolcezza.ca\/#organization\"},\"potentialAction\":[{\"@type\":\"SearchAction\",\"target\":{\"@type\":\"EntryPoint\",\"urlTemplate\":\"https:\/\/dolcezza.ca\/?s={search_term_string}\"},\"query-input\":{\"@type\":\"PropertyValueSpecification\",\"valueRequired\":true,\"valueName\":\"search_term_string\"}}],\"inLanguage\":\"fr-FR\"},{\"@type\":\"Organization\",\"@id\":\"https:\/\/dolcezza.ca\/#organization\",\"name\":\"Dolcezza Inc\",\"url\":\"https:\/\/dolcezza.ca\/\",\"logo\":{\"@type\":\"ImageObject\",\"inLanguage\":\"fr-FR\",\"@id\":\"https:\/\/dolcezza.ca\/#\/schema\/logo\/image\/\",\"url\":\"https:\/\/dolcezza.ca\/wp-content\/uploads\/2024\/02\/dolcezza-logo.svg\",\"contentUrl\":\"https:\/\/dolcezza.ca\/wp-content\/uploads\/2024\/02\/dolcezza-logo.svg\",\"width\":301,\"height\":102,\"caption\":\"Dolcezza Inc\"},\"image\":{\"@id\":\"https:\/\/dolcezza.ca\/#\/schema\/logo\/image\/\"},\"sameAs\":[\"https:\/\/www.facebook.com\/DOLCEZZAMONTREAL\",\"https:\/\/www.instagram.com\/dolcezzamontreal\/\"]}]}<\/script>\n<!-- \/ Yoast SEO plugin. -->","yoast_head_json":{"title":"Salons Professionnels \u00e0 Venir - Dolcezza Inc","robots":{"index":"index","follow":"follow","max-snippet":"max-snippet:-1","max-image-preview":"max-image-preview:large","max-video-preview":"max-video-preview:-1"},"canonical":"https:\/\/dolcezza.ca\/fr\/salons-professionnels-a-venir\/","og_locale":"fr_FR","og_type":"article","og_title":"Salons Professionnels \u00e0 Venir - Dolcezza Inc","og_description":"SALONSPROFESSIONNELS\u00c0 VENIR D\u00e9fil\u00e9s de mode \u00e0 venir EXPO-LODZ, POLAND Stand# Aug 20&#8211;Aug 21, 2025 sales@dolcezzaeurope.ie Paris, France Hall: 1 Y10 Sep 06&#8211;Sep 08, 2025 sales@dolcezzaeurope.ie Madrid, [\u2026]","og_url":"https:\/\/dolcezza.ca\/fr\/salons-professionnels-a-venir\/","og_site_name":"Dolcezza Inc","article_publisher":"https:\/\/www.facebook.com\/DOLCEZZAMONTREAL","article_modified_time":"2025-08-25T13:31:38+00:00","og_image":[{"url":"https:\/\/dolcezza.ca\/wp-content\/uploads\/2025\/01\/fashionware-logo.jpg","type":"","width":"","height":""}],"twitter_card":"summary_large_image","twitter_misc":{"Dur\u00e9e de lecture estim\u00e9e":"2 minutes"},"schema":{"@context":"https:\/\/schema.org","@graph":[{"@type":"WebPage","@id":"https:\/\/dolcezza.ca\/fr\/salons-professionnels-a-venir\/","url":"https:\/\/dolcezza.ca\/fr\/salons-professionnels-a-venir\/","name":"Salons Professionnels \u00e0 Venir - Dolcezza Inc","isPartOf":{"@id":"https:\/\/dolcezza.ca\/#website"},"primaryImageOfPage":{"@id":"https:\/\/dolcezza.ca\/fr\/salons-professionnels-a-venir\/#primaryimage"},"image":{"@id":"https:\/\/dolcezza.ca\/fr\/salons-professionnels-a-venir\/#primaryimage"},"thumbnailUrl":"https:\/\/dolcezza.ca\/wp-content\/uploads\/2025\/01\/fashionware-logo.jpg","datePublished":"2024-08-01T05:59:02+00:00","dateModified":"2025-08-25T13:31:38+00:00","breadcrumb":{"@id":"https:\/\/dolcezza.ca\/fr\/salons-professionnels-a-venir\/#breadcrumb"},"inLanguage":"fr-FR","potentialAction":[{"@type":"ReadAction","target":["https:\/\/dolcezza.ca\/fr\/salons-professionnels-a-venir\/"]}]},{"@type":"ImageObject","inLanguage":"fr-FR","@id":"https:\/\/dolcezza.ca\/fr\/salons-professionnels-a-venir\/#primaryimage","url":"https:\/\/dolcezza.ca\/wp-content\/uploads\/2025\/01\/fashionware-logo.jpg","contentUrl":"https:\/\/dolcezza.ca\/wp-content\/uploads\/2025\/01\/fashionware-logo.jpg"},{"@type":"BreadcrumbList","@id":"https:\/\/dolcezza.ca\/fr\/salons-professionnels-a-venir\/#breadcrumb","itemListElement":[{"@type":"ListItem","position":1,"name":"Home","item":"https:\/\/dolcezza.ca\/"},{"@type":"ListItem","position":2,"name":"Salons Professionnels \u00e0 Venir"}]},{"@type":"WebSite","@id":"https:\/\/dolcezza.ca\/#website","url":"https:\/\/dolcezza.ca\/","name":"Dolcezza Inc","description":"","publisher":{"@id":"https:\/\/dolcezza.ca\/#organization"},"potentialAction":[{"@type":"SearchAction","target":{"@type":"EntryPoint","urlTemplate":"https:\/\/dolcezza.ca\/?s={search_term_string}"},"query-input":{"@type":"PropertyValueSpecification","valueRequired":true,"valueName":"search_term_string"}}],"inLanguage":"fr-FR"},{"@type":"Organization","@id":"https:\/\/dolcezza.ca\/#organization","name":"Dolcezza Inc","url":"https:\/\/dolcezza.ca\/","logo":{"@type":"ImageObject","inLanguage":"fr-FR","@id":"https:\/\/dolcezza.ca\/#\/schema\/logo\/image\/","url":"https:\/\/dolcezza.ca\/wp-content\/uploads\/2024\/02\/dolcezza-logo.svg","contentUrl":"https:\/\/dolcezza.ca\/wp-content\/uploads\/2024\/02\/dolcezza-logo.svg","width":301,"height":102,"caption":"Dolcezza Inc"},"image":{"@id":"https:\/\/dolcezza.ca\/#\/schema\/logo\/image\/"},"sameAs":["https:\/\/www.facebook.com\/DOLCEZZAMONTREAL","https:\/\/www.instagram.com\/dolcezzamontreal\/"]}]}},"_links":{"self":[{"href":"https:\/\/dolcezza.ca\/fr\/wp-json\/wp\/v2\/pages\/5786","targetHints":{"allow":["GET"]}}],"collection":[{"href":"https:\/\/dolcezza.ca\/fr\/wp-json\/wp\/v2\/pages"}],"about":[{"href":"https:\/\/dolcezza.ca\/fr\/wp-json\/wp\/v2\/types\/page"}],"author":[{"embeddable":true,"href":"https:\/\/dolcezza.ca\/fr\/wp-json\/wp\/v2\/users\/1"}],"replies":[{"embeddable":true,"href":"https:\/\/dolcezza.ca\/fr\/wp-json\/wp\/v2\/comments?post=5786"}],"version-history":[{"count":9,"href":"https:\/\/dolcezza.ca\/fr\/wp-json\/wp\/v2\/pages\/5786\/revisions"}],"predecessor-version":[{"id":10389,"href":"https:\/\/dolcezza.ca\/fr\/wp-json\/wp\/v2\/pages\/5786\/revisions\/10389"}],"wp:attachment":[{"href":"https:\/\/dolcezza.ca\/fr\/wp-json\/wp\/v2\/media?parent=5786"}],"curies":[{"name":"wp","href":"https:\/\/api.w.org\/{rel}","templated":true}]}}