{"id":5916,"date":"2024-08-01T10:05:53","date_gmt":"2024-08-01T10:05:53","guid":{"rendered":"http:\/\/dolcezza.ca\/become-a-retailer\/"},"modified":"2024-08-16T06:33:31","modified_gmt":"2024-08-16T06:33:31","slug":"become-a-retailer","status":"publish","type":"page","link":"https:\/\/dolcezza.ca\/fr\/become-a-retailer\/","title":{"rendered":"Devenez un Revendeur"},"content":{"rendered":"\t\t<div data-elementor-type=\"wp-page\" data-elementor-id=\"5916\" class=\"elementor elementor-5916 elementor-5763\" data-elementor-post-type=\"page\">\n\t\t\t\t\t\t<section class=\"elementor-section elementor-top-section elementor-element elementor-element-16698b9 elementor-section-height-full elementor-section-stretched elementor-section-boxed elementor-section-height-default elementor-section-items-middle\" data-id=\"16698b9\" data-element_type=\"section\" data-settings=\"{&quot;stretch_section&quot;:&quot;section-stretched&quot;,&quot;background_background&quot;:&quot;classic&quot;}\">\n\t\t\t\t\t\t<div class=\"elementor-container elementor-column-gap-wider\">\n\t\t\t\t\t<div class=\"elementor-column elementor-col-100 elementor-top-column elementor-element elementor-element-f0f5095\" data-id=\"f0f5095\" data-element_type=\"column\">\n\t\t\t<div class=\"elementor-widget-wrap elementor-element-populated\">\n\t\t\t\t\t\t<section class=\"elementor-section elementor-inner-section elementor-element elementor-element-04e9919 elementor-section-boxed elementor-section-height-default elementor-section-height-default\" data-id=\"04e9919\" data-element_type=\"section\">\n\t\t\t\t\t\t<div class=\"elementor-container elementor-column-gap-default\">\n\t\t\t\t\t<div class=\"elementor-column elementor-col-50 elementor-inner-column elementor-element elementor-element-170a9ba\" data-id=\"170a9ba\" data-element_type=\"column\">\n\t\t\t<div class=\"elementor-widget-wrap elementor-element-populated\">\n\t\t\t\t\t\t<div class=\"elementor-element elementor-element-2e8d6f5 elementor-widget elementor-widget-heading\" data-id=\"2e8d6f5\" data-element_type=\"widget\" data-widget_type=\"heading.default\">\n\t\t\t\t<div class=\"elementor-widget-container\">\n\t\t\t\t\t<h1 class=\"elementor-heading-title elementor-size-default\">DEVENIR<div>D\u00c9TAILLANT<\/div><\/h1>\t\t\t\t<\/div>\n\t\t\t\t<\/div>\n\t\t\t\t\t<\/div>\n\t\t<\/div>\n\t\t\t\t<div class=\"elementor-column elementor-col-50 elementor-inner-column elementor-element elementor-element-e96bfbf\" data-id=\"e96bfbf\" data-element_type=\"column\">\n\t\t\t<div class=\"elementor-widget-wrap\">\n\t\t\t\t\t\t\t<\/div>\n\t\t<\/div>\n\t\t\t\t\t<\/div>\n\t\t<\/section>\n\t\t\t\t\t<\/div>\n\t\t<\/div>\n\t\t\t\t\t<\/div>\n\t\t<\/section>\n\t\t<div class=\"elementor-element elementor-element-cc1852c e-flex e-con-boxed e-con e-parent\" data-id=\"cc1852c\" data-element_type=\"container\">\n\t\t\t\t\t<div class=\"e-con-inner\">\n\t\t\t\t<div class=\"elementor-element elementor-element-5e263d1 elementor-widget elementor-widget-heading\" data-id=\"5e263d1\" data-element_type=\"widget\" data-widget_type=\"heading.default\">\n\t\t\t\t<div class=\"elementor-widget-container\">\n\t\t\t\t\t<h2 class=\"elementor-heading-title elementor-size-default\">Rejoignez-nous pour offrir une mode f\u00e9minine \u00e9l\u00e9gante \u00e0 votre magasin<\/h2>\t\t\t\t<\/div>\n\t\t\t\t<\/div>\n\t\t\t\t<div class=\"elementor-element elementor-element-52878e6 elementor-widget elementor-widget-text-editor\" data-id=\"52878e6\" data-element_type=\"widget\" data-widget_type=\"text-editor.default\">\n\t\t\t\t<div class=\"elementor-widget-container\">\n\t\t\t\t\t\t\t\t\t<h5>Nous vous remercions de l&rsquo;int\u00e9r\u00eat que vous portez \u00e0 notre ligne de v\u00eatements pour femmes dans votre magasin.<\/h5>\n<h5>Nous nous engageons \u00e0 fournir des v\u00eatements de haute qualit\u00e9, \u00e9l\u00e9gants et confortables qui r\u00e9pondent aux besoins des femmes modernes.<\/h5>\n<h5>Si la mode vous passionne et que vous souhaitez devenir d\u00e9taillant de nos produits, veuillez remplir le formulaire de demande ci-dessous.<\/h5>\n<h5>Nous nous r\u00e9jouissons de l&rsquo;occasion qui nous sera donn\u00e9e de collaborer et de nous d\u00e9velopper ensemble.<\/h5>\n\t\t\t\t\t\t\t\t<\/div>\n\t\t\t\t<\/div>\n\t\t\t\t\t<\/div>\n\t\t\t\t<\/div>\n\t\t<div class=\"elementor-element elementor-element-abd530c e-flex e-con-boxed e-con e-parent\" data-id=\"abd530c\" data-element_type=\"container\">\n\t\t\t\t\t<div class=\"e-con-inner\">\n\t\t\t\t<div class=\"elementor-element elementor-element-58996e4 elementor-widget elementor-widget-shortcode\" data-id=\"58996e4\" data-element_type=\"widget\" data-widget_type=\"shortcode.default\">\n\t\t\t\t<div class=\"elementor-widget-container\">\n\t\t\t\t\t\t\t<div class=\"elementor-shortcode\"><div class=\"wpforms-container wpforms-container-full wpforms-render-modern\" id=\"wpforms-6090\"><form id=\"wpforms-form-6090\" class=\"wpforms-validate wpforms-form wpforms-ajax-form\" data-formid=\"6090\" method=\"post\" enctype=\"multipart\/form-data\" action=\"\/fr\/wp-json\/wp\/v2\/pages\/5916\" data-token=\"0652ed8cbfd3b86c350d9ab4d8ba1909\" data-token-time=\"1776509834\"><noscript class=\"wpforms-error-noscript\">Veuillez activer JavaScript dans votre navigateur pour remplir ce formulaire.<\/noscript><div class=\"wpforms-hidden\" id=\"wpforms-error-noscript\">Veuillez activer JavaScript dans votre navigateur pour remplir ce formulaire.<\/div><div class=\"wpforms-field-container\"><div id=\"wpforms-6090-field_1-container\" class=\"wpforms-field wpforms-field-name\" data-field-id=\"1\"><fieldset><legend class=\"wpforms-field-label\">Name <span class=\"wpforms-required-label\" aria-hidden=\"true\">*<\/span><\/legend><div class=\"wpforms-field-row wpforms-field-large\"><div class=\"wpforms-field-row-block wpforms-first wpforms-one-half\"><input type=\"text\" id=\"wpforms-6090-field_1\" class=\"wpforms-field-name-first wpforms-field-required\" name=\"wpforms[fields][1][first]\" aria-errormessage=\"wpforms-6090-field_1-error\" required><label for=\"wpforms-6090-field_1\" class=\"wpforms-field-sublabel after\">Pr\u00e9nom<\/label><\/div><div class=\"wpforms-field-row-block wpforms-one-half\"><input type=\"text\" id=\"wpforms-6090-field_1-last\" class=\"wpforms-field-name-last wpforms-field-required\" name=\"wpforms[fields][1][last]\" aria-errormessage=\"wpforms-6090-field_1-last-error\" required><label for=\"wpforms-6090-field_1-last\" class=\"wpforms-field-sublabel after\">Nom<\/label><\/div><\/div><\/fieldset><\/div><div id=\"wpforms-6090-field_2-container\" class=\"wpforms-field wpforms-field-email\" data-field-id=\"2\"><fieldset><legend class=\"wpforms-field-label\">Email <span class=\"wpforms-required-label\" aria-hidden=\"true\">*<\/span><\/legend><div class=\"wpforms-field-row wpforms-field-large\"><div class=\"wpforms-field-row-block wpforms-one-half wpforms-first\"><input type=\"email\" id=\"wpforms-6090-field_2\" class=\"wpforms-field-required wpforms-field-email-primary\" name=\"wpforms[fields][2][primary]\" spellcheck=\"false\" aria-errormessage=\"wpforms-6090-field_2-error\" required><label for=\"wpforms-6090-field_2\" class=\"wpforms-field-sublabel after\">E-mail<\/label><\/div><div class=\"wpforms-field-row-block wpforms-one-half\"><input type=\"email\" id=\"wpforms-6090-field_2-secondary\" class=\"wpforms-field-email-secondary wpforms-field-required\" data-rule-confirm=\"#wpforms-6090-field_2\" name=\"wpforms[fields][2][secondary]\" spellcheck=\"false\" aria-errormessage=\"wpforms-6090-field_2-secondary-error\" required><label for=\"wpforms-6090-field_2-secondary\" class=\"wpforms-field-sublabel after\">Confirmez l\u2019e-mail<\/label><\/div><\/div><\/fieldset><\/div><div id=\"wpforms-6090-field_6-container\" class=\"wpforms-field wpforms-field-text\" data-field-id=\"6\"><label class=\"wpforms-field-label\" for=\"wpforms-6090-field_6\">Phone <span class=\"wpforms-required-label\" aria-hidden=\"true\">*<\/span><\/label><input type=\"text\" id=\"wpforms-6090-field_6\" class=\"wpforms-field-large wpforms-field-required\" name=\"wpforms[fields][6]\" aria-errormessage=\"wpforms-6090-field_6-error\" required><\/div><div id=\"wpforms-6090-field_7-container\" class=\"wpforms-field wpforms-field-text wpforms-one-half wpforms-first\" data-field-id=\"7\"><label class=\"wpforms-field-label\" for=\"wpforms-6090-field_7\">Country <span class=\"wpforms-required-label\" aria-hidden=\"true\">*<\/span><\/label><input type=\"text\" id=\"wpforms-6090-field_7\" class=\"wpforms-field-large wpforms-field-required\" name=\"wpforms[fields][7]\" aria-errormessage=\"wpforms-6090-field_7-error\" required><\/div><div id=\"wpforms-6090-field_8-container\" class=\"wpforms-field wpforms-field-text wpforms-one-half\" data-field-id=\"8\"><label class=\"wpforms-field-label\" for=\"wpforms-6090-field_8\">City <span class=\"wpforms-required-label\" aria-hidden=\"true\">*<\/span><\/label><input type=\"text\" id=\"wpforms-6090-field_8\" class=\"wpforms-field-large wpforms-field-required\" name=\"wpforms[fields][8]\" aria-errormessage=\"wpforms-6090-field_8-error\" required><\/div><div id=\"wpforms-6090-field_4-container\" class=\"wpforms-field wpforms-field-text\" data-field-id=\"4\"><label class=\"wpforms-field-label\" for=\"wpforms-6090-field_4\">Subject <span class=\"wpforms-required-label\" aria-hidden=\"true\">*<\/span><\/label><input type=\"text\" id=\"wpforms-6090-field_4\" class=\"wpforms-field-large wpforms-field-required\" name=\"wpforms[fields][4]\" aria-errormessage=\"wpforms-6090-field_4-error\" required><\/div><div id=\"wpforms-6090-field_3-container\" class=\"wpforms-field wpforms-field-textarea\" data-field-id=\"3\"><label class=\"wpforms-field-label\" for=\"wpforms-6090-field_3\">Comment or Message <span class=\"wpforms-required-label\" aria-hidden=\"true\">*<\/span><\/label><textarea id=\"wpforms-6090-field_3\" class=\"wpforms-field-medium wpforms-field-required\" name=\"wpforms[fields][3]\" aria-errormessage=\"wpforms-6090-field_3-error\" required><\/textarea><\/div><\/div><!-- .wpforms-field-container --><div class=\"wpforms-recaptcha-container wpforms-is-hcaptcha\" ><div class=\"g-recaptcha\" data-sitekey=\"1b5ace7c-3466-4764-8d54-1d4abc7e7bb6\"><\/div><input type=\"text\" name=\"g-recaptcha-hidden\" class=\"wpforms-recaptcha-hidden\" style=\"position:absolute!important;clip:rect(0,0,0,0)!important;height:1px!important;width:1px!important;border:0!important;overflow:hidden!important;padding:0!important;margin:0!important;\" data-rule-hcaptcha=\"1\"><\/div><div class=\"wpforms-submit-container\" ><input type=\"hidden\" name=\"wpforms[id]\" value=\"6090\"><input type=\"hidden\" name=\"page_title\" value=\"\"><input type=\"hidden\" name=\"page_url\" value=\"https:\/\/dolcezza.ca\/fr\/wp-json\/wp\/v2\/pages\/5916\"><input type=\"hidden\" name=\"url_referer\" value=\"\"><button type=\"submit\" name=\"wpforms[submit]\" id=\"wpforms-submit-6090\" class=\"wpforms-submit\" data-alt-text=\"Sending...\" data-submit-text=\"Send\" aria-live=\"assertive\" value=\"wpforms-submit\">Send<\/button><img decoding=\"async\" src=\"https:\/\/dolcezza.ca\/wp-content\/plugins\/wpforms-lite\/assets\/images\/submit-spin.svg\" class=\"wpforms-submit-spinner\" style=\"display: none;\" width=\"26\" height=\"26\" alt=\"Chargement en cours\"><\/div><\/form><\/div>  <!-- .wpforms-container --><\/div>\n\t\t\t\t\t\t<\/div>\n\t\t\t\t<\/div>\n\t\t\t\t\t<\/div>\n\t\t\t\t<\/div>\n\t\t\t\t<\/div>\n\t\t","protected":false},"excerpt":{"rendered":"<p>DEVENIRD\u00c9TAILLANT Rejoignez-nous pour offrir une mode f\u00e9minine \u00e9l\u00e9gante \u00e0 votre magasin Nous vous remercions de l&rsquo;int\u00e9r\u00eat que vous portez \u00e0 notre ligne de v\u00eatements pour femmes<span class=\"excerpt-hellip\"> [\u2026]<\/span><\/p>\n","protected":false},"author":1,"featured_media":0,"parent":0,"menu_order":0,"comment_status":"closed","ping_status":"closed","template":"","meta":{"_acf_changed":false,"_eb_attr":"","footnotes":""},"class_list":["post-5916","page","type-page","status-publish","hentry"],"acf":[],"yoast_head":"<!-- This site is optimized with the Yoast SEO plugin v24.6 - https:\/\/yoast.com\/wordpress\/plugins\/seo\/ -->\n<title>Devenez un Revendeur - Dolcezza Inc<\/title>\n<meta name=\"robots\" content=\"index, follow, max-snippet:-1, max-image-preview:large, max-video-preview:-1\" \/>\n<link rel=\"canonical\" href=\"https:\/\/dolcezza.ca\/become-a-retailer\/\" \/>\n<meta property=\"og:locale\" content=\"fr_FR\" \/>\n<meta property=\"og:type\" content=\"article\" \/>\n<meta property=\"og:title\" content=\"Devenez un Revendeur - Dolcezza Inc\" \/>\n<meta property=\"og:description\" content=\"DEVENIRD\u00c9TAILLANT Rejoignez-nous pour offrir une mode f\u00e9minine \u00e9l\u00e9gante \u00e0 votre magasin Nous vous remercions de l&rsquo;int\u00e9r\u00eat que vous portez \u00e0 notre ligne de v\u00eatements pour femmes [\u2026]\" \/>\n<meta property=\"og:url\" content=\"https:\/\/dolcezza.ca\/become-a-retailer\/\" \/>\n<meta property=\"og:site_name\" content=\"Dolcezza Inc\" \/>\n<meta property=\"article:publisher\" content=\"https:\/\/www.facebook.com\/DOLCEZZAMONTREAL\" \/>\n<meta property=\"article:modified_time\" content=\"2024-08-16T06:33:31+00:00\" \/>\n<meta property=\"og:image\" content=\"https:\/\/dolcezza.ca\/wp-content\/uploads\/2024\/08\/Dolcezza-SP25-Selection31.jpg\" \/>\n\t<meta property=\"og:image:width\" content=\"1920\" \/>\n\t<meta property=\"og:image:height\" content=\"1440\" \/>\n\t<meta property=\"og:image:type\" content=\"image\/jpeg\" \/>\n<meta name=\"twitter:card\" content=\"summary_large_image\" \/>\n<meta name=\"twitter:label1\" content=\"Dur\u00e9e de lecture estim\u00e9e\" \/>\n\t<meta name=\"twitter:data1\" content=\"1 minute\" \/>\n<script type=\"application\/ld+json\" class=\"yoast-schema-graph\">{\"@context\":\"https:\/\/schema.org\",\"@graph\":[{\"@type\":\"WebPage\",\"@id\":\"https:\/\/dolcezza.ca\/become-a-retailer\/\",\"url\":\"https:\/\/dolcezza.ca\/become-a-retailer\/\",\"name\":\"Devenez un Revendeur - Dolcezza Inc\",\"isPartOf\":{\"@id\":\"https:\/\/dolcezza.ca\/#website\"},\"datePublished\":\"2024-08-01T10:05:53+00:00\",\"dateModified\":\"2024-08-16T06:33:31+00:00\",\"breadcrumb\":{\"@id\":\"https:\/\/dolcezza.ca\/become-a-retailer\/#breadcrumb\"},\"inLanguage\":\"fr-FR\",\"potentialAction\":[{\"@type\":\"ReadAction\",\"target\":[\"https:\/\/dolcezza.ca\/become-a-retailer\/\"]}]},{\"@type\":\"BreadcrumbList\",\"@id\":\"https:\/\/dolcezza.ca\/become-a-retailer\/#breadcrumb\",\"itemListElement\":[{\"@type\":\"ListItem\",\"position\":1,\"name\":\"Home\",\"item\":\"https:\/\/dolcezza.ca\/\"},{\"@type\":\"ListItem\",\"position\":2,\"name\":\"Devenez un Revendeur\"}]},{\"@type\":\"WebSite\",\"@id\":\"https:\/\/dolcezza.ca\/#website\",\"url\":\"https:\/\/dolcezza.ca\/\",\"name\":\"Dolcezza Inc\",\"description\":\"\",\"publisher\":{\"@id\":\"https:\/\/dolcezza.ca\/#organization\"},\"potentialAction\":[{\"@type\":\"SearchAction\",\"target\":{\"@type\":\"EntryPoint\",\"urlTemplate\":\"https:\/\/dolcezza.ca\/?s={search_term_string}\"},\"query-input\":{\"@type\":\"PropertyValueSpecification\",\"valueRequired\":true,\"valueName\":\"search_term_string\"}}],\"inLanguage\":\"fr-FR\"},{\"@type\":\"Organization\",\"@id\":\"https:\/\/dolcezza.ca\/#organization\",\"name\":\"Dolcezza Inc\",\"url\":\"https:\/\/dolcezza.ca\/\",\"logo\":{\"@type\":\"ImageObject\",\"inLanguage\":\"fr-FR\",\"@id\":\"https:\/\/dolcezza.ca\/#\/schema\/logo\/image\/\",\"url\":\"https:\/\/dolcezza.ca\/wp-content\/uploads\/2024\/02\/dolcezza-logo.svg\",\"contentUrl\":\"https:\/\/dolcezza.ca\/wp-content\/uploads\/2024\/02\/dolcezza-logo.svg\",\"width\":301,\"height\":102,\"caption\":\"Dolcezza Inc\"},\"image\":{\"@id\":\"https:\/\/dolcezza.ca\/#\/schema\/logo\/image\/\"},\"sameAs\":[\"https:\/\/www.facebook.com\/DOLCEZZAMONTREAL\",\"https:\/\/www.instagram.com\/dolcezzamontreal\/\"]}]}<\/script>\n<!-- \/ Yoast SEO plugin. -->","yoast_head_json":{"title":"Devenez un Revendeur - Dolcezza Inc","robots":{"index":"index","follow":"follow","max-snippet":"max-snippet:-1","max-image-preview":"max-image-preview:large","max-video-preview":"max-video-preview:-1"},"canonical":"https:\/\/dolcezza.ca\/become-a-retailer\/","og_locale":"fr_FR","og_type":"article","og_title":"Devenez un Revendeur - Dolcezza Inc","og_description":"DEVENIRD\u00c9TAILLANT Rejoignez-nous pour offrir une mode f\u00e9minine \u00e9l\u00e9gante \u00e0 votre magasin Nous vous remercions de l&rsquo;int\u00e9r\u00eat que vous portez \u00e0 notre ligne de v\u00eatements pour femmes [\u2026]","og_url":"https:\/\/dolcezza.ca\/become-a-retailer\/","og_site_name":"Dolcezza Inc","article_publisher":"https:\/\/www.facebook.com\/DOLCEZZAMONTREAL","article_modified_time":"2024-08-16T06:33:31+00:00","og_image":[{"width":1920,"height":1440,"url":"https:\/\/dolcezza.ca\/wp-content\/uploads\/2024\/08\/Dolcezza-SP25-Selection31.jpg","type":"image\/jpeg"}],"twitter_card":"summary_large_image","twitter_misc":{"Dur\u00e9e de lecture estim\u00e9e":"1 minute"},"schema":{"@context":"https:\/\/schema.org","@graph":[{"@type":"WebPage","@id":"https:\/\/dolcezza.ca\/become-a-retailer\/","url":"https:\/\/dolcezza.ca\/become-a-retailer\/","name":"Devenez un Revendeur - Dolcezza Inc","isPartOf":{"@id":"https:\/\/dolcezza.ca\/#website"},"datePublished":"2024-08-01T10:05:53+00:00","dateModified":"2024-08-16T06:33:31+00:00","breadcrumb":{"@id":"https:\/\/dolcezza.ca\/become-a-retailer\/#breadcrumb"},"inLanguage":"fr-FR","potentialAction":[{"@type":"ReadAction","target":["https:\/\/dolcezza.ca\/become-a-retailer\/"]}]},{"@type":"BreadcrumbList","@id":"https:\/\/dolcezza.ca\/become-a-retailer\/#breadcrumb","itemListElement":[{"@type":"ListItem","position":1,"name":"Home","item":"https:\/\/dolcezza.ca\/"},{"@type":"ListItem","position":2,"name":"Devenez un Revendeur"}]},{"@type":"WebSite","@id":"https:\/\/dolcezza.ca\/#website","url":"https:\/\/dolcezza.ca\/","name":"Dolcezza Inc","description":"","publisher":{"@id":"https:\/\/dolcezza.ca\/#organization"},"potentialAction":[{"@type":"SearchAction","target":{"@type":"EntryPoint","urlTemplate":"https:\/\/dolcezza.ca\/?s={search_term_string}"},"query-input":{"@type":"PropertyValueSpecification","valueRequired":true,"valueName":"search_term_string"}}],"inLanguage":"fr-FR"},{"@type":"Organization","@id":"https:\/\/dolcezza.ca\/#organization","name":"Dolcezza Inc","url":"https:\/\/dolcezza.ca\/","logo":{"@type":"ImageObject","inLanguage":"fr-FR","@id":"https:\/\/dolcezza.ca\/#\/schema\/logo\/image\/","url":"https:\/\/dolcezza.ca\/wp-content\/uploads\/2024\/02\/dolcezza-logo.svg","contentUrl":"https:\/\/dolcezza.ca\/wp-content\/uploads\/2024\/02\/dolcezza-logo.svg","width":301,"height":102,"caption":"Dolcezza Inc"},"image":{"@id":"https:\/\/dolcezza.ca\/#\/schema\/logo\/image\/"},"sameAs":["https:\/\/www.facebook.com\/DOLCEZZAMONTREAL","https:\/\/www.instagram.com\/dolcezzamontreal\/"]}]}},"_links":{"self":[{"href":"https:\/\/dolcezza.ca\/fr\/wp-json\/wp\/v2\/pages\/5916","targetHints":{"allow":["GET"]}}],"collection":[{"href":"https:\/\/dolcezza.ca\/fr\/wp-json\/wp\/v2\/pages"}],"about":[{"href":"https:\/\/dolcezza.ca\/fr\/wp-json\/wp\/v2\/types\/page"}],"author":[{"embeddable":true,"href":"https:\/\/dolcezza.ca\/fr\/wp-json\/wp\/v2\/users\/1"}],"replies":[{"embeddable":true,"href":"https:\/\/dolcezza.ca\/fr\/wp-json\/wp\/v2\/comments?post=5916"}],"version-history":[{"count":5,"href":"https:\/\/dolcezza.ca\/fr\/wp-json\/wp\/v2\/pages\/5916\/revisions"}],"predecessor-version":[{"id":6108,"href":"https:\/\/dolcezza.ca\/fr\/wp-json\/wp\/v2\/pages\/5916\/revisions\/6108"}],"wp:attachment":[{"href":"https:\/\/dolcezza.ca\/fr\/wp-json\/wp\/v2\/media?parent=5916"}],"curies":[{"name":"wp","href":"https:\/\/api.w.org\/{rel}","templated":true}]}}